{"id":2392,"date":"2025-04-17T16:04:05","date_gmt":"2025-04-17T15:04:05","guid":{"rendered":"https:\/\/www.thelittlegym.pt\/birthdays\/"},"modified":"2025-08-12T15:27:53","modified_gmt":"2025-08-12T14:27:53","slug":"birthdays","status":"publish","type":"page","link":"https:\/\/www.thelittlegym.pt\/en\/birthdays\/","title":{"rendered":"Birthdays"},"content":{"rendered":"\t\t<div data-elementor-type=\"wp-page\" data-elementor-id=\"2392\" class=\"elementor elementor-2392 elementor-1773\" data-elementor-post-type=\"page\">\n\t\t\t\t<div class=\"elementor-element elementor-element-12b8bf3 e-con-full e-flex e-con e-parent\" data-id=\"12b8bf3\" data-element_type=\"container\" data-e-type=\"container\" data-settings=\"{&quot;background_background&quot;:&quot;classic&quot;}\">\n\t\t\t\t<\/div>\n\t\t<div class=\"elementor-element elementor-element-adfe484 e-flex e-con-boxed e-con e-parent\" data-id=\"adfe484\" data-element_type=\"container\" data-e-type=\"container\" data-settings=\"{&quot;background_background&quot;:&quot;classic&quot;,&quot;shape_divider_bottom&quot;:&quot;clouds&quot;,&quot;shape_divider_bottom_negative&quot;:&quot;yes&quot;}\">\n\t\t\t\t\t<div class=\"e-con-inner\">\n\t\t\t\t<div class=\"elementor-shape elementor-shape-bottom\" aria-hidden=\"true\" data-negative=\"true\">\n\t\t\t<svg xmlns=\"http:\/\/www.w3.org\/2000\/svg\" viewBox=\"0 0 283.5 27.8\" preserveAspectRatio=\"xMidYMax slice\">\n\t<path class=\"elementor-shape-fill\" d=\"M265.8 3.5c-10.9 0-15.9 6.2-15.9 6.2s-3.6-3.5-9.2-.9c-9.1 4.1-4.4 13.4-4.4 13.4s-1.2.2-1.9.9c-.6.7-.5 1.9-.5 1.9s-1-.5-2.3-.2c-1.3.3-1.6 1.4-1.6 1.4s.4-3.4-1.5-5c-3.9-3.4-8.3-.2-8.3-.2s-.6-.7-.9-.9c-.4-.2-1.2-.2-1.2-.2s-4.4-3.6-11.5-2.6-10.4 7.9-10.4 7.9-.5-3.3-3.9-4.9c-4.8-2.4-7.4 0-7.4 0s2.4-4.1-1.9-6.4-6.2 1.2-6.2 1.2-.9-.5-2.1-.5-2.3 1.1-2.3 1.1.1-.7-1.1-1.1c-1.2-.4-2 0-2 0s3.6-6.8-3.5-8.9c-6-1.8-7.9 2.6-8.4 4-.1-.3-.4-.7-.9-1.1-1-.7-1.3-.5-1.3-.5s1-4-1.7-5.2c-2.7-1.2-4.2 1.1-4.2 1.1s-3.1-1-5.7 1.4-2.1 5.5-2.1 5.5-.9 0-2.1.7-1.4 1.7-1.4 1.7-1.7-1.2-4.3-1.2c-2.6 0-4.5 1.2-4.5 1.2s-.7-1.5-2.8-2.4c-2.1-.9-4 0-4 0s2.6-5.9-4.7-9c-7.3-3.1-12.6 3.3-12.6 3.3s-.9 0-1.9.2c-.9.2-1.5.9-1.5.9S99.4 3 94.9 3.9c-4.5.9-5.7 5.7-5.7 5.7s-2.8-5-12.3-3.9-11.1 6-11.1 6-1.2-1.4-4-.7c-.8.2-1.3.5-1.8.9-.9-2.1-2.7-4.9-6.2-4.4-3.2.4-4 2.2-4 2.2s-.5-.7-1.2-.7h-1.4s-.5-.9-1.7-1.4-2.4 0-2.4 0-2.4-1.2-4.7 0-3.1 4.1-3.1 4.1-1.7-1.4-3.6-.7c-1.9.7-1.9 2.8-1.9 2.8s-.5-.5-1.7-.2c-1.2.2-1.4.7-1.4.7s-.7-2.3-2.8-2.8c-2.1-.5-4.3.2-4.3.2s-1.7-5-11.1-6c-3.8-.4-6.6.2-8.5 1v21.2h283.5V11.1c-.9.2-1.6.4-1.6.4s-5.2-8-16.1-8z\"\/>\n<\/svg>\n\t\t<\/div>\n\t\t<div class=\"elementor-element elementor-element-8a3e24b e-con-full e-flex e-con e-child\" data-id=\"8a3e24b\" data-element_type=\"container\" data-e-type=\"container\">\n\t\t\t\t<div class=\"elementor-element elementor-element-8857315 elementor-widget elementor-widget-heading\" data-id=\"8857315\" data-element_type=\"widget\" data-e-type=\"widget\" data-widget_type=\"heading.default\">\n\t\t\t\t<div class=\"elementor-widget-container\">\n\t\t\t\t\t<h2 class=\"elementor-heading-title elementor-size-default\">1 to 12 years<\/h2>\t\t\t\t<\/div>\n\t\t\t\t<\/div>\n\t\t\t\t<div class=\"elementor-element elementor-element-d2aaad4 elementor-widget elementor-widget-heading\" data-id=\"d2aaad4\" data-element_type=\"widget\" data-e-type=\"widget\" data-widget_type=\"heading.default\">\n\t\t\t\t<div class=\"elementor-widget-container\">\n\t\t\t\t\t<h2 class=\"elementor-heading-title elementor-size-default\">\ud83c\udf89Como organizamos a festa?<\/h2>\t\t\t\t<\/div>\n\t\t\t\t<\/div>\n\t\t\t\t<div class=\"elementor-element elementor-element-386f527 elementor-widget elementor-widget-text-editor\" data-id=\"386f527\" data-element_type=\"widget\" data-e-type=\"widget\" data-widget_type=\"text-editor.default\">\n\t\t\t\t<div class=\"elementor-widget-container\">\n\t\t\t\t\t\t\t\t\t<p>As festas de anivers\u00e1rio no <strong>The Little Gym<\/strong> s\u00e3o planeadas para proporcionar momentos inesquec\u00edveis, sempre com muita <strong>m\u00fasica, movimento e divers\u00e3o<\/strong>! Cada festa tem a dura\u00e7\u00e3o de <strong>2 horas<\/strong>, divididas em dois momentos:<\/p><p><strong>Atividades<\/strong> (75 a 90 minutos): Jogos, dan\u00e7a e gin\u00e1stica divertida! As crian\u00e7as v\u00e3o explorar o <strong>Paraquedas, o Colch\u00e3o Saltit\u00e3o, o Jogo do Homem-Aranha e o Tapete Voador<\/strong>, al\u00e9m dos aparelhos de gin\u00e1stica (argolas, paralelas e trave ol\u00edmpica \u2013 a famosa &#8220;ponte m\u00e1gica&#8221;). Come\u00e7amos sempre com um aquecimento animado e uma coreografia adaptada a rapazes e raparigas.<\/p><p><strong>Lanche e Parab\u00e9ns<\/strong> (30 a 45 minutos): Momento de celebrar com amigos e fam\u00edlia!<\/p><p>O<span style=\"color: var( --e-global-color-7248afb ); background-color: var( --e-global-color-secondary );\">\u00a0Espa\u00e7o do The Little Gym fica reservado para si de modo a que tenha toda a privacidade e conforto para se divertir com os seus convidados.<\/span><\/p>\t\t\t\t\t\t\t\t<\/div>\n\t\t\t\t<\/div>\n\t\t\t\t<div class=\"elementor-element elementor-element-b569454 elementor-widget elementor-widget-text-editor\" data-id=\"b569454\" data-element_type=\"widget\" data-e-type=\"widget\" data-widget_type=\"text-editor.default\">\n\t\t\t\t<div class=\"elementor-widget-container\">\n\t\t\t\t\t\t\t\t\t<p>Veja as condi\u00e7\u00f5es particulares de cada uma das localiza\u00e7\u00f5es<\/p>\t\t\t\t\t\t\t\t<\/div>\n\t\t\t\t<\/div>\n\t\t<div class=\"elementor-element elementor-element-fda18e6 e-con-full e-flex e-con e-child\" data-id=\"fda18e6\" data-element_type=\"container\" data-e-type=\"container\">\n\t\t\t\t<div class=\"elementor-element elementor-element-e830c5f elementor-widget__width-initial elementor-widget-mobile__width-initial elementor-widget elementor-widget-image\" data-id=\"e830c5f\" data-element_type=\"widget\" data-e-type=\"widget\" data-widget_type=\"image.default\">\n\t\t\t\t<div class=\"elementor-widget-container\">\n\t\t\t\t\t\t\t\t\t\t\t\t\t\t\t\t<a href=\"https:\/\/laranjeiras.thelittlegym.pt\/aniversarios\/\" target=\"_blank\">\n\t\t\t\t\t\t\t<img fetchpriority=\"high\" decoding=\"async\" width=\"915\" height=\"275\" src=\"https:\/\/www.thelittlegym.pt\/wp-content\/uploads\/2025\/04\/butao-Lisboa.png\" class=\"elementor-animation-shrink attachment-full size-full wp-image-2307\" alt=\"\" srcset=\"https:\/\/www.thelittlegym.pt\/wp-content\/uploads\/2025\/04\/butao-Lisboa.png 915w, https:\/\/www.thelittlegym.pt\/wp-content\/uploads\/2025\/04\/butao-Lisboa-300x90.png 300w, https:\/\/www.thelittlegym.pt\/wp-content\/uploads\/2025\/04\/butao-Lisboa-768x231.png 768w, https:\/\/www.thelittlegym.pt\/wp-content\/uploads\/2025\/04\/butao-Lisboa-200x60.png 200w, https:\/\/www.thelittlegym.pt\/wp-content\/uploads\/2025\/04\/butao-Lisboa-400x120.png 400w, https:\/\/www.thelittlegym.pt\/wp-content\/uploads\/2025\/04\/butao-Lisboa-600x180.png 600w, https:\/\/www.thelittlegym.pt\/wp-content\/uploads\/2025\/04\/butao-Lisboa-800x240.png 800w\" sizes=\"(max-width: 915px) 100vw, 915px\" \/>\t\t\t\t\t\t\t\t<\/a>\n\t\t\t\t\t\t\t\t\t\t\t\t\t\t\t<\/div>\n\t\t\t\t<\/div>\n\t\t\t\t<div class=\"elementor-element elementor-element-d03f4b8 elementor-widget__width-initial elementor-widget-mobile__width-initial elementor-widget elementor-widget-image\" data-id=\"d03f4b8\" data-element_type=\"widget\" data-e-type=\"widget\" data-widget_type=\"image.default\">\n\t\t\t\t<div class=\"elementor-widget-container\">\n\t\t\t\t\t\t\t\t\t\t\t\t\t\t\t\t<a href=\"https:\/\/pinheiromanso.thelittlegym.pt\/aniversarios\/\" target=\"_blank\">\n\t\t\t\t\t\t\t<img decoding=\"async\" width=\"915\" height=\"275\" src=\"https:\/\/www.thelittlegym.pt\/wp-content\/uploads\/2025\/04\/butao-Porto.png\" class=\"elementor-animation-shrink attachment-full size-full wp-image-2306\" alt=\"\" srcset=\"https:\/\/www.thelittlegym.pt\/wp-content\/uploads\/2025\/04\/butao-Porto.png 915w, https:\/\/www.thelittlegym.pt\/wp-content\/uploads\/2025\/04\/butao-Porto-300x90.png 300w, https:\/\/www.thelittlegym.pt\/wp-content\/uploads\/2025\/04\/butao-Porto-768x231.png 768w, https:\/\/www.thelittlegym.pt\/wp-content\/uploads\/2025\/04\/butao-Porto-200x60.png 200w, https:\/\/www.thelittlegym.pt\/wp-content\/uploads\/2025\/04\/butao-Porto-400x120.png 400w, https:\/\/www.thelittlegym.pt\/wp-content\/uploads\/2025\/04\/butao-Porto-600x180.png 600w, https:\/\/www.thelittlegym.pt\/wp-content\/uploads\/2025\/04\/butao-Porto-800x240.png 800w\" sizes=\"(max-width: 915px) 100vw, 915px\" \/>\t\t\t\t\t\t\t\t<\/a>\n\t\t\t\t\t\t\t\t\t\t\t\t\t\t\t<\/div>\n\t\t\t\t<\/div>\n\t\t\t\t<div class=\"elementor-element elementor-element-18abd84 elementor-widget__width-initial elementor-widget-mobile__width-initial elementor-widget elementor-widget-image\" data-id=\"18abd84\" data-element_type=\"widget\" data-e-type=\"widget\" data-widget_type=\"image.default\">\n\t\t\t\t<div class=\"elementor-widget-container\">\n\t\t\t\t\t\t\t\t\t\t\t\t\t\t\t\t<a href=\"https:\/\/braga.thelittlegym.pt\/aniversarios\/\" target=\"_blank\">\n\t\t\t\t\t\t\t<img decoding=\"async\" width=\"915\" height=\"275\" src=\"https:\/\/www.thelittlegym.pt\/wp-content\/uploads\/2025\/04\/butao-braga.png\" class=\"elementor-animation-shrink attachment-full size-full wp-image-2304\" alt=\"\" srcset=\"https:\/\/www.thelittlegym.pt\/wp-content\/uploads\/2025\/04\/butao-braga.png 915w, https:\/\/www.thelittlegym.pt\/wp-content\/uploads\/2025\/04\/butao-braga-300x90.png 300w, https:\/\/www.thelittlegym.pt\/wp-content\/uploads\/2025\/04\/butao-braga-768x231.png 768w, https:\/\/www.thelittlegym.pt\/wp-content\/uploads\/2025\/04\/butao-braga-200x60.png 200w, https:\/\/www.thelittlegym.pt\/wp-content\/uploads\/2025\/04\/butao-braga-400x120.png 400w, https:\/\/www.thelittlegym.pt\/wp-content\/uploads\/2025\/04\/butao-braga-600x180.png 600w, https:\/\/www.thelittlegym.pt\/wp-content\/uploads\/2025\/04\/butao-braga-800x240.png 800w\" sizes=\"(max-width: 915px) 100vw, 915px\" \/>\t\t\t\t\t\t\t\t<\/a>\n\t\t\t\t\t\t\t\t\t\t\t\t\t\t\t<\/div>\n\t\t\t\t<\/div>\n\t\t\t\t<\/div>\n\t\t\t\t<\/div>\n\t\t<div class=\"elementor-element elementor-element-a32d518 e-con-full e-flex e-con e-child\" data-id=\"a32d518\" data-element_type=\"container\" data-e-type=\"container\">\n\t\t\t\t<div class=\"elementor-element elementor-element-6c4ea7e elementor-widget elementor-widget-image\" data-id=\"6c4ea7e\" data-element_type=\"widget\" data-e-type=\"widget\" data-widget_type=\"image.default\">\n\t\t\t\t<div class=\"elementor-widget-container\">\n\t\t\t\t\t\t\t\t\t\t\t\t\t\t\t<img loading=\"lazy\" decoding=\"async\" width=\"1920\" height=\"1261\" src=\"https:\/\/www.thelittlegym.pt\/wp-content\/uploads\/2025\/04\/foto2-an.png\" class=\"attachment-full size-full wp-image-2356\" alt=\"\" srcset=\"https:\/\/www.thelittlegym.pt\/wp-content\/uploads\/2025\/04\/foto2-an.png 1920w, https:\/\/www.thelittlegym.pt\/wp-content\/uploads\/2025\/04\/foto2-an-300x197.png 300w, https:\/\/www.thelittlegym.pt\/wp-content\/uploads\/2025\/04\/foto2-an-1024x673.png 1024w, https:\/\/www.thelittlegym.pt\/wp-content\/uploads\/2025\/04\/foto2-an-768x504.png 768w, https:\/\/www.thelittlegym.pt\/wp-content\/uploads\/2025\/04\/foto2-an-1536x1009.png 1536w, https:\/\/www.thelittlegym.pt\/wp-content\/uploads\/2025\/04\/foto2-an-200x131.png 200w, https:\/\/www.thelittlegym.pt\/wp-content\/uploads\/2025\/04\/foto2-an-400x263.png 400w, https:\/\/www.thelittlegym.pt\/wp-content\/uploads\/2025\/04\/foto2-an-600x394.png 600w, https:\/\/www.thelittlegym.pt\/wp-content\/uploads\/2025\/04\/foto2-an-800x525.png 800w, https:\/\/www.thelittlegym.pt\/wp-content\/uploads\/2025\/04\/foto2-an-1200x788.png 1200w\" sizes=\"(max-width: 1920px) 100vw, 1920px\" \/>\t\t\t\t\t\t\t\t\t\t\t\t\t\t\t<\/div>\n\t\t\t\t<\/div>\n\t\t\t\t<\/div>\n\t\t\t\t\t<\/div>\n\t\t\t\t<\/div>\n\t\t\t\t<\/div>\n\t\t","protected":false},"excerpt":{"rendered":"<p>1 to 12 years &#x1f389;Como organizamos a festa? As festas de anivers\u00e1rio no The Little Gym s\u00e3o planeadas para proporcionar momentos inesquec\u00edveis, sempre com muita m\u00fasica, movimento e divers\u00e3o! Cada festa tem a dura\u00e7\u00e3o de 2 horas, divididas em dois momentos: Atividades (75 a 90 minutos): Jogos, dan\u00e7a e gin\u00e1stica divertida! As crian\u00e7as v\u00e3o explorar [&hellip;]<\/p>\n","protected":false},"author":1,"featured_media":0,"parent":0,"menu_order":7,"comment_status":"closed","ping_status":"closed","template":"elementor_header_footer","meta":{"footnotes":""},"class_list":["post-2392","page","type-page","status-publish","hentry"],"_links":{"self":[{"href":"https:\/\/www.thelittlegym.pt\/en\/wp-json\/wp\/v2\/pages\/2392","targetHints":{"allow":["GET"]}}],"collection":[{"href":"https:\/\/www.thelittlegym.pt\/en\/wp-json\/wp\/v2\/pages"}],"about":[{"href":"https:\/\/www.thelittlegym.pt\/en\/wp-json\/wp\/v2\/types\/page"}],"author":[{"embeddable":true,"href":"https:\/\/www.thelittlegym.pt\/en\/wp-json\/wp\/v2\/users\/1"}],"replies":[{"embeddable":true,"href":"https:\/\/www.thelittlegym.pt\/en\/wp-json\/wp\/v2\/comments?post=2392"}],"version-history":[{"count":1,"href":"https:\/\/www.thelittlegym.pt\/en\/wp-json\/wp\/v2\/pages\/2392\/revisions"}],"predecessor-version":[{"id":2393,"href":"https:\/\/www.thelittlegym.pt\/en\/wp-json\/wp\/v2\/pages\/2392\/revisions\/2393"}],"wp:attachment":[{"href":"https:\/\/www.thelittlegym.pt\/en\/wp-json\/wp\/v2\/media?parent=2392"}],"curies":[{"name":"wp","href":"https:\/\/api.w.org\/{rel}","templated":true}]}}